{"id":3,"date":"2020-02-03T11:51:57","date_gmt":"2020-02-03T10:51:57","guid":{"rendered":"http:\/\/www.angelacampanile.com\/?page_id=3"},"modified":"2021-04-01T16:45:43","modified_gmt":"2021-04-01T14:45:43","slug":"politique-de-confidentialite","status":"publish","type":"page","link":"https:\/\/www.angelacampanile.com\/en\/politique-de-confidentialite\/","title":{"rendered":"Politique de confidentialit\u00e9"},"content":{"rendered":"<p>Conform\u00e9ment \u00e0 la loi n\u00b0 78-17 du 6 janvier 1978 relative \u00e0 l\u2019informatique, aux fichiers et aux libert\u00e9s et \u00e0 la&nbsp;loi n\u00b0 2018-493 du&nbsp;20 juin 2018&nbsp;relative \u00e0 la protection des donn\u00e9es, Angela Campanile c\u00e9ramiste s\u2019engage&nbsp;\u00e0 respecter la confidentialit\u00e9 des renseignements personnels collect\u00e9s.<\/p>\n\n\n\n<p>La pr\u00e9sente Politique de Confidentialit\u00e9 s\u2019applique \u00e0 pr\u00e9sente site Internet,  g\u00e9r\u00e9 et diffus\u00e9 par Angela Campanile c\u00e9ramiste. Elle d\u00e9crit la fa\u00e7on dont nous collectons, utilisons, conservons et prot\u00e9geons les donn\u00e9es \u00e0 caract\u00e8re personnel de nos prospects, clients et utilisateurs.<\/p>\n\n\n\n<h2 class=\"wp-block-heading\">Qui sommes-nous&nbsp;?<\/h2>\n\n\n\n<p>L\u2019adresse de notre site Web est : https:\/\/www.angelacampanile.com.<\/p>\n\n\n\n<h2 class=\"wp-block-heading\"><strong>Angela Campanile c\u00e9ramiste<\/strong><\/h2>\n\n\n\n<p>Micro-entreprise<br>9, rue Jean Jacques Rousseau 83690 Salernes<br>N\u00b0 de t\u00e9l\u00e9phone 0770055278 <\/p>\n\n\n\n<p>Adresse du courrier \u00e9lectronique :angelacampanile@gmail.com<br>SIRET 79525760900029<\/p>\n\n\n\n<p>TVA INTRACOMUNITAIRE : FR27795257609<\/p>\n\n\n\n<p>Date de derni\u00e8re mise \u00e0 jour 10\/03\/2021<\/p>\n\n\n\n<h2 class=\"wp-block-heading\">Utilisation des donn\u00e9es personnelles collect\u00e9es<\/h2>\n\n\n\n<h3 class=\"wp-block-heading\">Commentaires<\/h3>\n\n\n\n<p>Quand vous laissez un commentaire sur notre site web, les donn\u00e9es inscrites dans le formulaire de commentaire, mais aussi votre adresse IP et l\u2019agent utilisateur de votre navigateur sont collect\u00e9s pour nous aider \u00e0 la d\u00e9tection des commentaires ind\u00e9sirables.<\/p>\n\n\n\n<p>Une cha\u00eene anonymis\u00e9e cr\u00e9\u00e9e \u00e0 partir de votre adresse de messagerie (\u00e9galement appel\u00e9e hash) peut \u00eatre envoy\u00e9e au service Gravatar pour v\u00e9rifier si vous utilisez ce dernier. Les clauses de confidentialit\u00e9 du service Gravatar sont disponibles ici&nbsp;: https:\/\/automattic.com\/privacy\/. Apr\u00e8s validation de votre commentaire, votre photo de profil sera visible publiquement \u00e0 cot\u00e9 de votre commentaire.<\/p>\n\n\n\n<h3 class=\"wp-block-heading\">Formulaires de contact<\/h3>\n\n\n\n<p>Les donn\u00e9es saisies dans les formulaires sont envoy\u00e9es par e-mail \u00e0 l&rsquo;adresse d&rsquo;Angela Campanile c\u00e9ramiste et sont exploit\u00e9es simplement dans le cadre de la demande en cours.<\/p>\n\n\n\n<h3 class=\"wp-block-heading\">Cookies<\/h3>\n\n\n\n<p>Si vous d\u00e9posez un commentaire sur notre site, il vous sera propos\u00e9 d\u2019enregistrer votre nom, adresse de messagerie et site web dans des cookies. C\u2019est uniquement pour votre confort afin de ne pas avoir \u00e0 saisir ces informations si vous d\u00e9posez un autre commentaire plus tard. Ces cookies expirent au bout d\u2019un an.<\/p>\n\n\n\n<p>Si vous vous rendez sur la page de connexion, un cookie temporaire sera cr\u00e9\u00e9 afin de d\u00e9terminer si votre navigateur accepte les cookies. Il ne contient pas de donn\u00e9es personnelles et sera supprim\u00e9 automatiquement \u00e0 la fermeture de votre navigateur.<\/p>\n\n\n\n<p>Lorsque vous vous connecterez, nous mettrons en place un certain nombre de cookies pour enregistrer vos informations de connexion et vos pr\u00e9f\u00e9rences d\u2019\u00e9cran. La dur\u00e9e de vie d\u2019un cookie de connexion est de deux jours, celle d\u2019un cookie d\u2019option d\u2019\u00e9cran est d\u2019un an. Si vous cochez \u00ab&nbsp;Se souvenir de moi&nbsp;\u00bb, votre cookie de connexion sera conserv\u00e9 pendant deux semaines. Si vous vous d\u00e9connectez de votre compte, le cookie de connexion sera effac\u00e9.<\/p>\n\n\n\n<p>En modifiant ou en publiant une publication, un cookie suppl\u00e9mentaire sera enregistr\u00e9 dans votre navigateur. Ce cookie ne comprend aucune donn\u00e9e personnelle. Il indique simplement l\u2019ID de la publication que vous venez de modifier. Il expire au bout d\u2019un jour.<\/p>\n\n\n\n<h3 class=\"wp-block-heading\">Contenu embarqu\u00e9 depuis d\u2019autres sites<\/h3>\n\n\n\n<p>Les articles de ce site peuvent inclure des contenus int\u00e9gr\u00e9s (par exemple des vid\u00e9os, images, articles\u2026). Le contenu int\u00e9gr\u00e9 depuis d\u2019autres sites se comporte de la m\u00eame mani\u00e8re que si le visiteur se rendait sur cet autre site.<\/p>\n\n\n\n<p>Ces sites web pourraient collecter des donn\u00e9es sur vous, utiliser des cookies, embarquer des outils de suivis tiers, suivre vos interactions avec ces contenus embarqu\u00e9s si vous disposez d\u2019un compte connect\u00e9 sur leur site web.<\/p>\n\n\n\n<h3 class=\"wp-block-heading\">Statistiques et mesures d\u2019audience<\/h3>\n\n\n\n<p>Ce site utilise Google Analytics, un service d\u2019analyse statistiques et de meures d\u2019audience de site internet fourni par Google. Google Analytics utilise des cookies pour aider le site internet \u00e0 analyser l\u2019utilisation du site par ses utilisateurs.&nbsp;Google utilise cette information dans le but d\u2019\u00e9valuer l\u2019utilisation du site, de compiler des rapports sur l\u2019activit\u00e9 du site et \u00e0 l\u2019utilisation d\u2019Internet.<\/p>\n\n\n\n<p>Afin de respecter l\u2019anonymat de nos utilisateurs, nous avons fait le choix de rendre anonymes toutes les adresses IP transmises \u00e0 Google Analytics par notre site. Angela Campanile c\u00e9ramiste utilise Google Analytics pour obtenir des statistiques et mesures d\u2019audience, dans un souci d\u2019\u00e9valuation voire d\u2019am\u00e9lioration. Ces statistiques sont anonymis\u00e9es et ne permettent pas de tracer l\u2019activit\u00e9 individuelle des visiteurs du site d&rsquo;Angela Campanile c\u00e9ramiste<\/p>\n\n\n\n<p>Google est susceptible de communiquer ces donn\u00e9es \u00e0 des tiers en cas d\u2019obligation l\u00e9gale ou lorsque ces tiers traitent ces donn\u00e9es pour le compte de Google, y compris notamment l\u2019\u00e9diteur de ce site. Google ne recoupera pas votre adresse IP avec toute autre donn\u00e9e d\u00e9tenue par Google. Plus d\u2019informations sur la <a href=\"https:\/\/policies.google.com\/privacy?hl=fr\">politique de confidentialit\u00e9 de Google<\/a><\/p>\n\n\n\n<p>Nous vous rappelons que vous pouvez d\u00e9sactiver l\u2019utilisation de cookies en s\u00e9lectionnant les param\u00e8tres appropri\u00e9s de votre navigateur.<\/p>\n\n\n\n<h2 class=\"wp-block-heading\">Utilisation et transmission de vos donn\u00e9es personnelles<\/h2>\n\n\n\n<p>Les donn\u00e9es collect\u00e9es sur nos sites, nous permettent&nbsp;de :<\/p>\n\n\n\n<p>G\u00e9rer la relation avec nos clients,<\/p>\n\n\n\n<p>Assurer le service avant-vente et vendre,<\/p>\n\n\n\n<p>Facturer et encaisser les paiements, recouvrer les impay\u00e9s<\/p>\n\n\n\n<p>Sonder nos clients<\/p>\n\n\n\n<p>Am\u00e9liorer nos offres et nos contenus de sites Internet.<\/p>\n\n\n\n<p>Ces donn\u00e9es sont accessibles aux services Angela Campanile c\u00e9ramiste. <\/p>\n\n\n\n<p>Les donn\u00e9es peuvent \u00e9galement \u00eatre trait\u00e9es par des tiers auxquels nous avons eu recours pour la r\u00e9alisation des transactions de paiement, tels que des \u00e9tablissements financiers et bancaires. Aucune information personnelle n\u2019est c\u00e9d\u00e9e \u00e0 des tiers, \u00e0 titre gratuit ou on\u00e9reux.<\/p>\n\n\n\n<h2 class=\"wp-block-heading\">Dur\u00e9es de stockage de vos donn\u00e9es<\/h2>\n\n\n\n<p>Si vous laissez un commentaire, le commentaire et ses m\u00e9tadonn\u00e9es sont conserv\u00e9s ind\u00e9finiment. Cela permet de reconna\u00eetre et approuver automatiquement les commentaires suivants au lieu de les laisser dans la file de mod\u00e9ration.<\/p>\n\n\n\n<p>Pour les utilisateurs et utilisatrices qui s\u2019enregistrent sur notre site (si cela est possible), nous stockons \u00e9galement les donn\u00e9es personnelles indiqu\u00e9es dans leur profil. Tous les utilisateurs et utilisatrices peuvent voir, modifier ou supprimer leurs informations personnelles \u00e0 tout moment (\u00e0 l\u2019exception de leur nom d\u2019utilisateur\/ utilisatrice). Les gestionnaires du site peuvent aussi voir et modifier ces informations.<\/p>\n\n\n\n<p><strong>Temps de conservation des donn\u00e9es<\/strong><\/p>\n\n\n\n<p>Nous conserverons vos donn\u00e9es personnelles pendant la dur\u00e9e de notre relation commerciale et post\u00e9rieurement \u00e0 son \u00e9ch\u00e9ance, pendant une dur\u00e9e de trois ans. Dans les cas o\u00f9 nous n&rsquo;aurions plus besoin de vos donn\u00e9es personnelles, nous d\u00e9truirons celles-ci de mani\u00e8re s\u00e9curis\u00e9e (sans vous envoyer tout autre pr\u00e9avis).<\/p>\n\n\n\n<h2 class=\"wp-block-heading\">Les droits que vous avez sur vos donn\u00e9es<\/h2>\n\n\n\n<p>Si vous avez un compte ou si vous avez laiss\u00e9 des commentaires sur le site, vous pouvez demander \u00e0 recevoir un fichier contenant toutes les donn\u00e9es personnelles que nous poss\u00e9dons \u00e0 votre sujet, incluant celles que vous nous avez fournies. Vous pouvez \u00e9galement demander la suppression des donn\u00e9es personnelles vous concernant. Cela ne prend pas en compte les donn\u00e9es stock\u00e9es \u00e0 des fins administratives, l\u00e9gales ou pour des raisons de s\u00e9curit\u00e9.<\/p>\n\n\n\n<h2 class=\"wp-block-heading\">Transmission de vos donn\u00e9es personnelles<\/h2>\n\n\n\n<p>Les commentaires des visiteurs peuvent \u00eatre v\u00e9rifi\u00e9s \u00e0 l\u2019aide d\u2019un service automatis\u00e9 de d\u00e9tection des commentaires ind\u00e9sirables.<\/p>\n\n\n\n<h2 class=\"wp-block-heading\">Informations de contact<\/h2>\n\n\n\n<p>Par email&nbsp;: angelacampanile@gmail.com<\/p>\n\n\n\n<p>Par courrier&nbsp;: <em>Angela Campanile c\u00e9ramiste <\/em><\/p>\n\n\n\n<p>                         <em>9, rue Jean Jacques Rousseau <\/em><\/p>\n\n\n\n<p>                         <em>83690 Salernes France<\/em><\/p>\n\n\n\n<p>Par t\u00e9l\u00e9phone&nbsp;: 07.70.05.52.78<\/p>\n\n\n\n<h2 class=\"wp-block-heading\">Informations suppl\u00e9mentaires<\/h2>\n\n\n\n<p>Toute demande d\u2019exercice de vos droits doit \u00eatre accompagn\u00e9e de la photocopie d\u2019un justificatif d\u2019identit\u00e9. Une r\u00e9ponse vous sera adress\u00e9e dans un d\u00e9lai d\u2019un mois \u00e0 compter de la r\u00e9ception de votre demande. Si vos \u00e9changes avec nous n\u2019ont pas \u00e9t\u00e9 satisfaisants, vous avez la possibilit\u00e9 d\u2019introduire une r\u00e9clamation aupr\u00e8s de la Commission Nationale de l\u2019Informatique et des Libert\u00e9s (CNIL), autorit\u00e9 de contr\u00f4le en charge du respect des obligations en mati\u00e8re de donn\u00e9es \u00e0 caract\u00e8re personnel en France.<\/p>\n\n\n\n<h3 class=\"wp-block-heading\">Comment nous prot\u00e9geons vos donn\u00e9es<\/h3>\n\n\n\n<p>Angela Campanile c\u00e9ramiste s\u2019assure que vos donn\u00e9es sont trait\u00e9es en toute s\u00e9curit\u00e9 et confidentialit\u00e9, y compris lorsque certaines op\u00e9rations sont r\u00e9alis\u00e9es par des sous-traitants.<\/p>\n\n\n\n<p>Nous veillons \u00e0 la s\u00e9curit\u00e9 de vos donn\u00e9es en prenant les mesures techniques et structurelles n\u00e9cessaires pour pr\u00e9venir leur traitement illicite ou non autoris\u00e9, leur perte ou leur destruction. Nous nous effor\u00e7ons de prot\u00e9ger de notre mieux les donn\u00e9es personnelles vous concernant. Cependant, nous ne pouvons garantir la s\u00e9curit\u00e9 de vos donn\u00e9es transmises \u00e0 nos sites Internet, par l\u2019interm\u00e9diaire d\u2019une connexion Internet ou toute autre connexion. Si nous vous avons attribu\u00e9 (ou si vous avez choisi) un mot de passe vous permettant d\u2019acc\u00e9der \u00e0 certains espaces de nos sites Internet, applications ou services, veuillez conserver celui-ci de mani\u00e8re confidentielle ; nous ne partagerons ce mot de passe avec personne. <\/p>\n\n\n\n<h3 class=\"wp-block-heading\">Proc\u00e9dures mises en \u0153uvre en cas de fuite de donn\u00e9es<\/h3>\n\n\n\n<p>En cas de fuite de donn\u00e9es, l\u2019ensemble des personnes pr\u00e9sentent dans nos fichiers seront imm\u00e9diatement pr\u00e9venues par mail. De plus, nous mettrons tout en place pour trouver les raisons de la fuite et la stopper le plus rapidement possible.<\/p>\n\n\n\n<h3 class=\"wp-block-heading\">Les services tiers qui nous transmettent des donn\u00e9es<\/h3>\n\n\n\n<p>Ces donn\u00e9es sont accessibles aux services Angela Campanile c\u00e9ramiste. Les donn\u00e9es peuvent \u00e9galement \u00eatre trait\u00e9es par des tiers auxquels nous avons eu recours pour la r\u00e9alisation des transactions de paiement, tels que des \u00e9tablissements financiers et bancaires. Aucune information personnelle n\u2019est c\u00e9d\u00e9e \u00e0 des tiers, \u00e0 titre gratuit ou on\u00e9reux.<\/p>\n\n\n\n<h3 class=\"wp-block-heading\"><\/h3>\n\n\n\n<h3 class=\"wp-block-heading\"><\/h3>","protected":false},"excerpt":{"rendered":"<p>Conform\u00e9ment \u00e0 la loi n\u00b0 78-17 du 6 janvier 1978 &hellip; <\/p>","protected":false},"author":2,"featured_media":0,"parent":0,"menu_order":0,"comment_status":"closed","ping_status":"closed","template":"","meta":{"_eb_attr":"","_monsterinsights_skip_tracking":false,"_monsterinsights_sitenote_active":false,"_monsterinsights_sitenote_note":"","_monsterinsights_sitenote_category":0,"_uf_show_specific_survey":0,"_uf_disable_surveys":false,"footnotes":""},"class_list":["post-3","page","type-page","status-publish","hentry","latest_post"],"aioseo_notices":[],"jetpack_sharing_enabled":true,"_links":{"self":[{"href":"https:\/\/www.angelacampanile.com\/en\/wp-json\/wp\/v2\/pages\/3","targetHints":{"allow":["GET"]}}],"collection":[{"href":"https:\/\/www.angelacampanile.com\/en\/wp-json\/wp\/v2\/pages"}],"about":[{"href":"https:\/\/www.angelacampanile.com\/en\/wp-json\/wp\/v2\/types\/page"}],"author":[{"embeddable":true,"href":"https:\/\/www.angelacampanile.com\/en\/wp-json\/wp\/v2\/users\/2"}],"replies":[{"embeddable":true,"href":"https:\/\/www.angelacampanile.com\/en\/wp-json\/wp\/v2\/comments?post=3"}],"version-history":[{"count":6,"href":"https:\/\/www.angelacampanile.com\/en\/wp-json\/wp\/v2\/pages\/3\/revisions"}],"predecessor-version":[{"id":8972,"href":"https:\/\/www.angelacampanile.com\/en\/wp-json\/wp\/v2\/pages\/3\/revisions\/8972"}],"wp:attachment":[{"href":"https:\/\/www.angelacampanile.com\/en\/wp-json\/wp\/v2\/media?parent=3"}],"curies":[{"name":"wp","href":"https:\/\/api.w.org\/{rel}","templated":true}]}}